{"id":2021,"date":"2025-06-03T16:31:17","date_gmt":"2025-06-03T16:31:17","guid":{"rendered":"https:\/\/madagascar-natour.com\/a-minha-conta\/"},"modified":"2025-11-07T12:56:38","modified_gmt":"2025-11-07T12:56:38","slug":"a-minha-conta","status":"publish","type":"page","link":"https:\/\/madagascar-natour.com\/pt-pt\/a-minha-conta\/","title":{"rendered":"A minha conta"},"content":{"rendered":"<div class=\"fusion-fullwidth fullwidth-box fusion-builder-row-1 fusion-flex-container has-pattern-background has-mask-background nonhundred-percent-fullwidth non-hundred-percent-height-scrolling\" style=\"--awb-border-radius-top-left:0px;--awb-border-radius-top-right:0px;--awb-border-radius-bottom-right:0px;--awb-border-radius-bottom-left:0px;--awb-padding-bottom:60px;--awb-flex-wrap:wrap;\" ><div class=\"fusion-builder-row fusion-row fusion-flex-align-items-flex-start fusion-flex-content-wrap\" style=\"max-width:1508px;margin-left: calc(-4% \/ 2 );margin-right: calc(-4% \/ 2 );\"><div class=\"fusion-layout-column fusion_builder_column fusion-builder-column-0 fusion_builder_column_1_2 1_2 fusion-flex-column\" style=\"--awb-padding-top:20px;--awb-padding-right:20px;--awb-padding-bottom:20px;--awb-padding-left:20px;--awb-overflow:hidden;--awb-bg-color:#f7f7f7;--awb-bg-color-hover:#f7f7f7;--awb-bg-size:cover;--awb-border-radius:5px 5px 5px 5px;--awb-width-large:50%;--awb-margin-top-large:0px;--awb-spacing-right-large:3.84%;--awb-margin-bottom-large:20px;--awb-spacing-left-large:3.84%;--awb-width-medium:50%;--awb-order-medium:0;--awb-spacing-right-medium:3.84%;--awb-spacing-left-medium:3.84%;--awb-width-small:100%;--awb-order-small:0;--awb-spacing-right-small:1.92%;--awb-spacing-left-small:1.92%;\"><div class=\"fusion-column-wrapper fusion-column-has-shadow fusion-flex-justify-content-flex-start fusion-content-layout-column\"><div class=\"fusion-form fusion-form-builder fusion-form-form-wrapper fusion-form-2040 has-icon-alignment\" style=\"--awb-tooltip-text-color:#ffffff;--awb-tooltip-background-color:var(--awb-color4);--awb-label-font-size:17px;--awb-form-placeholder-color:#686868;--awb-form-text-color:#1c1c1c;--awb-form-border-width-top:0px;--awb-form-border-width-bottom:0px;--awb-form-border-width-right:0px;--awb-form-border-width-left:0px;--awb-form-border-color:var(--awb-color6);--awb-form-border-radius:6px;--awb-icon-alignment-top:0px;--awb-icon-alignment-bottom:0px;--awb-icon-alignment-font-size:1em;--awb-required-field-symbol-deco:none;\" data-form-id=\"2040\" data-config=\"{&quot;form_id&quot;:2040,&quot;form_post_id&quot;:2040,&quot;post_id&quot;:2021,&quot;form_type&quot;:&quot;post&quot;,&quot;confirmation_type&quot;:&quot;message&quot;,&quot;redirect_url&quot;:&quot;&quot;,&quot;field_labels&quot;:{&quot;log&quot;:&quot;Utilizador&quot;,&quot;pwd&quot;:&quot;Palavra-passe&quot;,&quot;remember&quot;:&quot;&quot;},&quot;field_logics&quot;:{&quot;log&quot;:&quot;&quot;,&quot;pwd&quot;:&quot;&quot;,&quot;remember&quot;:&quot;&quot;},&quot;field_types&quot;:{&quot;log&quot;:&quot;text&quot;,&quot;pwd&quot;:&quot;password&quot;,&quot;remember&quot;:&quot;checkbox&quot;,&quot;submit_1&quot;:&quot;submit&quot;},&quot;nonce_method&quot;:&quot;ajax&quot;}\"><form action=\"https:\/\/madagascar-natour.com\/wasabi-s-admin?action=login&#038;redirect_to=https:\/\/madagascar-natour.com\/home\" method=\"post\" class=\"fusion-form fusion-form-2040\"><div class=\"fusion-fullwidth fullwidth-box fusion-builder-row-1-1 fusion-flex-container has-pattern-background has-mask-background nonhundred-percent-fullwidth non-hundred-percent-height-scrolling\" style=\"--awb-border-radius-top-left:0px;--awb-border-radius-top-right:0px;--awb-border-radius-bottom-right:0px;--awb-border-radius-bottom-left:0px;--awb-flex-wrap:wrap;\" ><div class=\"fusion-builder-row fusion-row fusion-flex-align-items-flex-start fusion-flex-justify-content-space-between fusion-flex-content-wrap\" style=\"width:104% !important;max-width:104% !important;margin-left: calc(-4% \/ 2 );margin-right: calc(-4% \/ 2 );\"><div class=\"fusion-layout-column fusion_builder_column fusion-builder-column-1 fusion_builder_column_1_1 1_1 fusion-flex-column\" style=\"--awb-bg-size:cover;--awb-width-large:100%;--awb-margin-top-large:0px;--awb-spacing-right-large:1.92%;--awb-margin-bottom-large:20px;--awb-spacing-left-large:1.92%;--awb-width-medium:100%;--awb-order-medium:0;--awb-margin-top-medium:30px;--awb-spacing-right-medium:0%;--awb-spacing-left-medium:0%;--awb-width-small:100%;--awb-order-small:0;--awb-spacing-right-small:0%;--awb-spacing-left-small:0%;\"><div class=\"fusion-column-wrapper fusion-column-has-shadow fusion-flex-justify-content-flex-start fusion-content-layout-column\"><div class=\"fusion-title title fusion-title-1 fusion-sep-none fusion-title-text fusion-title-size-three\" style=\"--awb-text-color:var(--awb-color4);\"><h3 class=\"fusion-title-heading title-heading-left fusion-responsive-typography-calculated\" style=\"margin:0;--fontSize:26;line-height:var(--awb-typography1-line-height);\">Iniciar sess\u00e3o<\/h3><\/div><div class=\"fusion-form-field fusion-form-text-field fusion-form-label-above\" style=\"\" data-form-id=\"2040\"><div class=\"fusion-form-label-wrapper\"><label for=\"log\">Utilizador <abbr class=\"fusion-form-element-required\" title=\"required\">*<\/abbr><\/label><\/div><input type=\"text\" name=\"log\" id=\"log\" value=\"\"  class=\"fusion-form-input\" required=\"true\" aria-required=\"true\" data-holds-private-data=\"false\" minlength=\"0\"\/><\/div><div class=\"fusion-form-field fusion-form-password-field fusion-form-label-above\" style=\"\" data-form-id=\"2040\"><div class=\"fusion-form-label-wrapper\"><label for=\"pwd\">Palavra-passe <abbr class=\"fusion-form-element-required\" title=\"required\">*<\/abbr><\/label><\/div><div class=\"fusion-form-input-with-icon awb-form-pw-reveal\"><input type=\"password\" name=\"pwd\" id=\"pwd\" value=\"\"  class=\"fusion-form-input\" required=\"true\" aria-required=\"true\" data-holds-private-data=\"false\"\/><i class=\"awb-form-pw-reveal-icon awb-icon-eye-slash\" id=\"pwd_1\"><\/i><\/div><\/div><div class=\"fusion-form-field fusion-form-checkbox-field fusion-form-label-above\" style=\"\" data-form-id=\"2040\"><fieldset><div class=\"fusion-form-checkbox\"><input tabindex=\"\" id=\"checkbox-remember-1-0\" type=\"checkbox\" value=\"Lembrar palavra-passe\" name=\"remember[]\" class=\"fusion-form-input\" data-holds-private-data=\"false\"\/><label for=\"checkbox-remember-1-0\">Lembrar palavra-passe<\/label><\/div><\/fieldset><\/div><div class=\"fusion-form-field fusion-form-submit-field fusion-form-label-above\" style=\"\" data-form-id=\"2040\"><div ><button type=\"submit\" class=\"fusion-button button-flat fusion-button-default-size button-default fusion-button-default button-1 fusion-button-default-span  form-form-submit button-default\" data-form-number=\"2040\" tabindex=\"\"><span class=\"fusion-button-text\">Iniciar sess\u00e3o<\/span><\/button><\/div><\/div><div ><a class=\"fusion-button button-flat fusion-button-default-size button-custom fusion-button-default button-2 fusion-button-default-span fusion-button-default-type underlineText\" style=\"--button_accent_color:#000000;--button_border_color:#000000;--button_accent_hover_color:var(--awb-color8);--button_border_hover_color:var(--awb-color8);--button_gradient_top_color:rgba(255,255,255,0);--button_gradient_bottom_color:rgba(255,255,255,0);--button_gradient_top_color_hover:rgba(255,255,255,0);--button_gradient_bottom_color_hover:rgba(255,255,255,0);--button_padding-top:0px;--button_padding-right:0px;--button_padding-bottom:0px;--button_padding-left:0px;\" target=\"_self\" href=\"#awb-open-oc__1579\"><span class=\"fusion-button-text\">Esqueceste-te da palavra-passe?<\/span><\/a><\/div><\/div><\/div><\/div><\/div><\/form><\/div><\/div><\/div><div class=\"fusion-layout-column fusion_builder_column fusion-builder-column-2 fusion_builder_column_1_2 1_2 fusion-flex-column\" style=\"--awb-padding-top:20px;--awb-padding-right:20px;--awb-padding-bottom:20px;--awb-padding-left:20px;--awb-overflow:hidden;--awb-bg-color:#f7f7f7;--awb-bg-color-hover:#f7f7f7;--awb-bg-size:cover;--awb-border-radius:5px 5px 5px 5px;--awb-width-large:50%;--awb-margin-top-large:0px;--awb-spacing-right-large:3.84%;--awb-margin-bottom-large:20px;--awb-spacing-left-large:3.84%;--awb-width-medium:50%;--awb-order-medium:0;--awb-spacing-right-medium:3.84%;--awb-spacing-left-medium:3.84%;--awb-width-small:100%;--awb-order-small:0;--awb-spacing-right-small:1.92%;--awb-spacing-left-small:1.92%;\"><div class=\"fusion-column-wrapper fusion-column-has-shadow fusion-flex-justify-content-flex-start fusion-content-layout-column\"><div class=\"fusion-form fusion-form-builder fusion-form-form-wrapper fusion-form-2033 has-icon-alignment\" style=\"--awb-tooltip-text-color:#ffffff;--awb-tooltip-background-color:var(--awb-color4);--awb-form-bg-color:var(--awb-color1);--awb-label-font-size:17px;--awb-form-placeholder-color:#686868;--awb-form-text-color:#1c1c1c;--awb-form-border-width-top:0px;--awb-form-border-width-bottom:0px;--awb-form-border-width-right:0px;--awb-form-border-width-left:0px;--awb-form-border-color:var(--awb-color6);--awb-form-border-radius:6px;--awb-icon-alignment-top:0px;--awb-icon-alignment-bottom:0px;--awb-icon-alignment-font-size:1em;--awb-required-field-symbol-deco:none;\" data-form-id=\"2033\" data-config=\"{&quot;form_id&quot;:2033,&quot;form_post_id&quot;:2033,&quot;post_id&quot;:2021,&quot;form_type&quot;:&quot;ajax&quot;,&quot;confirmation_type&quot;:&quot;message&quot;,&quot;redirect_url&quot;:&quot;&quot;,&quot;field_labels&quot;:{&quot;nombre_y_apellido&quot;:&quot;Nome e apelido&quot;,&quot;nombre_agencia&quot;:&quot;Nome da ag\\u00eancia de viagens&quot;,&quot;cif&quot;:&quot;CIF&quot;,&quot;email&quot;:&quot;Correio eletr\\u00f3nico&quot;,&quot;telefono&quot;:&quot;Telefone&quot;,&quot;pais&quot;:&quot;Pa\\u00eds&quot;},&quot;field_logics&quot;:{&quot;nombre_y_apellido&quot;:&quot;&quot;,&quot;nombre_agencia&quot;:&quot;&quot;,&quot;cif&quot;:&quot;&quot;,&quot;email&quot;:&quot;&quot;,&quot;telefono&quot;:&quot;&quot;,&quot;pais&quot;:&quot;&quot;,&quot;notice_1&quot;:&quot;&quot;},&quot;field_types&quot;:{&quot;nombre_y_apellido&quot;:&quot;text&quot;,&quot;nombre_agencia&quot;:&quot;text&quot;,&quot;cif&quot;:&quot;text&quot;,&quot;email&quot;:&quot;email&quot;,&quot;telefono&quot;:&quot;phone_number&quot;,&quot;pais&quot;:&quot;text&quot;,&quot;submit_2&quot;:&quot;submit&quot;,&quot;notice_1&quot;:&quot;notice&quot;,&quot;test&quot;:&quot;honeypot&quot;},&quot;nonce_method&quot;:&quot;ajax&quot;}\"><form action=\"https:\/\/madagascar-natour.com\/pt-pt\/a-minha-conta\/\" method=\"post\" class=\"fusion-form fusion-form-2033\"><div class=\"fusion-fullwidth fullwidth-box fusion-builder-row-1-2 fusion-flex-container has-pattern-background has-mask-background nonhundred-percent-fullwidth non-hundred-percent-height-scrolling\" style=\"--awb-border-radius-top-left:0px;--awb-border-radius-top-right:0px;--awb-border-radius-bottom-right:0px;--awb-border-radius-bottom-left:0px;--awb-flex-wrap:wrap;\" ><div class=\"fusion-builder-row fusion-row fusion-flex-align-items-flex-start fusion-flex-justify-content-space-between fusion-flex-content-wrap\" style=\"width:104% !important;max-width:104% !important;margin-left: calc(-4% \/ 2 );margin-right: calc(-4% \/ 2 );\"><div class=\"fusion-layout-column fusion_builder_column fusion-builder-column-3 fusion_builder_column_1_1 1_1 fusion-flex-column\" style=\"--awb-bg-size:cover;--awb-width-large:100%;--awb-margin-top-large:0px;--awb-spacing-right-large:1.92%;--awb-margin-bottom-large:20px;--awb-spacing-left-large:1.92%;--awb-width-medium:100%;--awb-order-medium:0;--awb-margin-top-medium:30px;--awb-spacing-right-medium:0%;--awb-spacing-left-medium:0%;--awb-width-small:100%;--awb-order-small:0;--awb-spacing-right-small:0%;--awb-spacing-left-small:0%;\"><div class=\"fusion-column-wrapper fusion-column-has-shadow fusion-flex-justify-content-flex-start fusion-content-layout-column\"><div class=\"fusion-title title fusion-title-2 fusion-sep-none fusion-title-text fusion-title-size-three\" style=\"--awb-text-color:var(--awb-color4);\"><h3 class=\"fusion-title-heading title-heading-left fusion-responsive-typography-calculated\" style=\"margin:0;--fontSize:26;line-height:var(--awb-typography1-line-height);\">Criar conta<\/h3><\/div><div class=\"fusion-form-field fusion-form-text-field fusion-form-label-above\" style=\"\" data-form-id=\"2033\"><div class=\"fusion-form-label-wrapper\"><label for=\"nombre_y_apellido\">Nome e apelido <abbr class=\"fusion-form-element-required\" title=\"required\">*<\/abbr><\/label><\/div><input type=\"text\" name=\"nombre_y_apellido\" id=\"nombre_y_apellido\" value=\"\"  class=\"fusion-form-input\" required=\"true\" aria-required=\"true\" data-holds-private-data=\"false\" minlength=\"0\"\/><\/div><div class=\"fusion-form-field fusion-form-text-field fusion-form-label-above\" style=\"\" data-form-id=\"2033\"><div class=\"fusion-form-label-wrapper\"><label for=\"nombre_agencia\">Nome da ag\u00eancia de viagens <abbr class=\"fusion-form-element-required\" title=\"required\">*<\/abbr><\/label><\/div><input type=\"text\" name=\"nombre_agencia\" id=\"nombre_agencia\" value=\"\"  class=\"fusion-form-input\" required=\"true\" aria-required=\"true\" data-holds-private-data=\"false\" minlength=\"0\"\/><\/div><div class=\"fusion-form-field fusion-form-text-field fusion-form-label-above\" style=\"\" data-form-id=\"2033\"><div class=\"fusion-form-label-wrapper\"><label for=\"cif\">CIF <abbr class=\"fusion-form-element-required\" title=\"required\">*<\/abbr><\/label><\/div><input type=\"text\"  pattern=\"[a-zA-Z0-9]+\" name=\"cif\" id=\"cif\" value=\"\"  class=\"fusion-form-input\" required=\"true\" aria-required=\"true\" data-holds-private-data=\"false\" minlength=\"0\"\/><\/div><div class=\"fusion-form-field fusion-form-email-field fusion-form-label-above\" style=\"\" data-form-id=\"2033\"><div class=\"fusion-form-label-wrapper\"><label for=\"email\">Correio eletr\u00f3nico <abbr class=\"fusion-form-element-required\" title=\"required\">*<\/abbr><\/label><\/div><input type=\"email\" name=\"email\" id=\"email\" value=\"\"  class=\"fusion-form-input\" required=\"true\" aria-required=\"true\" data-holds-private-data=\"false\"\/><\/div><div class=\"fusion-form-field fusion-form-phone-number-field fusion-form-label-above\" style=\"\" data-form-id=\"2033\"><div class=\"fusion-form-label-wrapper\"><label for=\"telefono\">Telefone <abbr class=\"fusion-form-element-required\" title=\"required\">*<\/abbr><\/label><\/div><input type=\"tel\" name=\"telefono\" id=\"telefono\" value=\"\"  class=\"fusion-form-input\" required=\"true\" aria-required=\"true\" data-holds-private-data=\"false\"\/><\/div><div class=\"fusion-form-field fusion-form-text-field fusion-form-label-above\" style=\"\" data-form-id=\"2033\"><div class=\"fusion-form-label-wrapper\"><label for=\"pais\">Pa\u00eds <abbr class=\"fusion-form-element-required\" title=\"required\">*<\/abbr><\/label><\/div><input type=\"text\" name=\"pais\" id=\"pais\" value=\"\"  class=\"fusion-form-input\" required=\"true\" aria-required=\"true\" data-holds-private-data=\"false\" minlength=\"0\"\/><\/div><div class=\"fusion-form-field fusion-form-submit-field fusion-form-label-above\" style=\"\" data-form-id=\"2033\"><div ><button type=\"submit\" class=\"fusion-button button-flat fusion-button-default-size button-default fusion-button-default button-3 fusion-button-default-span  form-form-submit button-default\" data-form-number=\"2033\" tabindex=\"\"><span class=\"fusion-button-text\">Enviar pedido<\/span><\/button><\/div><\/div><div class=\"fusion-text fusion-text-1\" style=\"--awb-font-size:15px;\"><p>Ao clicares em \"Enviar pedido\", confirmas que leste as <strong><a href=\"https:\/\/madagascar-natour.com\/menciones-legales\/\" target=\"_blank\" rel=\"noopener\">Men\u00e7\u00f5es Legais<\/a><\/strong> e aceitas as Condi\u00e7\u00f5es a\u00ed descritas.<\/p>\n<\/div>\n<div class=\"form-submission-notices data-notice_1\" id=\"fusion-notices-1\"><div class=\"fusion-alert alert success alert-success fusion-alert-center fusion-form-response fusion-form-response-success awb-alert-native-link-color alert-dismissable awb-alert-close-boxed\" role=\"alert\"><div class=\"fusion-alert-content-wrapper\"><span class=\"alert-icon\"><i class=\"awb-icon-check-circle\" aria-hidden=\"true\"><\/i><\/span><span class=\"fusion-alert-content\">Obrigado pela tua mensagem. Foi enviada.<\/span><\/div><button type=\"button\" class=\"close toggle-alert\" data-dismiss=\"alert\" aria-label=\"Close\">&times;<\/button><\/div><div class=\"fusion-alert alert error alert-danger fusion-alert-center fusion-form-response fusion-form-response-error awb-alert-native-link-color alert-dismissable awb-alert-close-boxed\" role=\"alert\"><div class=\"fusion-alert-content-wrapper\"><span class=\"alert-icon\"><i class=\"awb-icon-exclamation-triangle\" aria-hidden=\"true\"><\/i><\/span><span class=\"fusion-alert-content\">Ocorreu um erro ao tentar enviar a tua mensagem. Tenta novamente mais tarde.<\/span><\/div><button type=\"button\" class=\"close toggle-alert\" data-dismiss=\"alert\" aria-label=\"Close\">&times;<\/button><\/div><\/div><div class=\"fusion-form-field fusion-form-honeypot-field fusion-form-label-above\" style=\"\" data-form-id=\"2033\"><input type=\"hidden\" tabindex=\"-1\" name=\"test\" class=\"fusion-form-input\" autocomplete=\"hypot-69e17194702a2\" aria-hidden=\"true\" data-fusion-is-honeypot=\"true\"><\/div><\/div><\/div><\/div><\/div><input type=\"hidden\" name=\"fusion_privacy_store_ip_ua\" value=\"false\"><input type=\"hidden\" name=\"fusion_privacy_expiration_interval\" value=\"48\"><input type=\"hidden\" name=\"privacy_expiration_action\" value=\"anonymize\"><\/form><\/div><\/div><\/div><\/div><\/div>\n","protected":false},"excerpt":{"rendered":"","protected":false},"author":2,"featured_media":0,"parent":0,"menu_order":0,"comment_status":"closed","ping_status":"closed","template":"","meta":{"footnotes":""},"class_list":["post-2021","page","type-page","status-publish","hentry"],"yoast_head":"<!-- This site is optimized with the Yoast SEO plugin v25.2 - https:\/\/yoast.com\/wordpress\/plugins\/seo\/ -->\n<title>A minha conta - Madagascar Natour<\/title>\n<meta name=\"robots\" content=\"index, follow, max-snippet:-1, max-image-preview:large, max-video-preview:-1\" \/>\n<link rel=\"canonical\" href=\"https:\/\/madagascar-natour.com\/pt-pt\/a-minha-conta\/\" \/>\n<meta property=\"og:locale\" content=\"pt_PT\" \/>\n<meta property=\"og:type\" content=\"article\" \/>\n<meta property=\"og:title\" content=\"A minha conta - Madagascar Natour\" \/>\n<meta property=\"og:url\" content=\"https:\/\/madagascar-natour.com\/pt-pt\/a-minha-conta\/\" \/>\n<meta property=\"og:site_name\" content=\"Madagascar Natour\" \/>\n<meta property=\"article:modified_time\" content=\"2025-11-07T12:56:38+00:00\" \/>\n<meta name=\"twitter:card\" content=\"summary_large_image\" \/>\n<meta name=\"twitter:label1\" content=\"Tempo estimado de leitura\" \/>\n\t<meta name=\"twitter:data1\" content=\"1 minuto\" \/>\n<script type=\"application\/ld+json\" class=\"yoast-schema-graph\">{\"@context\":\"https:\/\/schema.org\",\"@graph\":[{\"@type\":\"WebPage\",\"@id\":\"https:\/\/madagascar-natour.com\/pt-pt\/a-minha-conta\/\",\"url\":\"https:\/\/madagascar-natour.com\/pt-pt\/a-minha-conta\/\",\"name\":\"A minha conta - Madagascar Natour\",\"isPartOf\":{\"@id\":\"https:\/\/madagascar-natour.com\/pt-pt\/#website\"},\"datePublished\":\"2025-06-03T16:31:17+00:00\",\"dateModified\":\"2025-11-07T12:56:38+00:00\",\"breadcrumb\":{\"@id\":\"https:\/\/madagascar-natour.com\/pt-pt\/a-minha-conta\/#breadcrumb\"},\"inLanguage\":\"pt-PT\",\"potentialAction\":[{\"@type\":\"ReadAction\",\"target\":[\"https:\/\/madagascar-natour.com\/pt-pt\/a-minha-conta\/\"]}]},{\"@type\":\"BreadcrumbList\",\"@id\":\"https:\/\/madagascar-natour.com\/pt-pt\/a-minha-conta\/#breadcrumb\",\"itemListElement\":[{\"@type\":\"ListItem\",\"position\":1,\"name\":\"Portada\",\"item\":\"https:\/\/madagascar-natour.com\/pt-pt\/\"},{\"@type\":\"ListItem\",\"position\":2,\"name\":\"A minha conta\"}]},{\"@type\":\"WebSite\",\"@id\":\"https:\/\/madagascar-natour.com\/pt-pt\/#website\",\"url\":\"https:\/\/madagascar-natour.com\/pt-pt\/\",\"name\":\"Madagascar Natour\",\"description\":\"\",\"publisher\":{\"@id\":\"https:\/\/madagascar-natour.com\/pt-pt\/#organization\"},\"potentialAction\":[{\"@type\":\"SearchAction\",\"target\":{\"@type\":\"EntryPoint\",\"urlTemplate\":\"https:\/\/madagascar-natour.com\/pt-pt\/?s={search_term_string}\"},\"query-input\":{\"@type\":\"PropertyValueSpecification\",\"valueRequired\":true,\"valueName\":\"search_term_string\"}}],\"inLanguage\":\"pt-PT\"},{\"@type\":\"Organization\",\"@id\":\"https:\/\/madagascar-natour.com\/pt-pt\/#organization\",\"name\":\"Madagascar Natour\",\"url\":\"https:\/\/madagascar-natour.com\/pt-pt\/\",\"logo\":{\"@type\":\"ImageObject\",\"inLanguage\":\"pt-PT\",\"@id\":\"https:\/\/madagascar-natour.com\/pt-pt\/#\/schema\/logo\/image\/\",\"url\":\"https:\/\/madagascar-natour.com\/wp-content\/uploads\/2025\/04\/logoMadagascarNatour.png\",\"contentUrl\":\"https:\/\/madagascar-natour.com\/wp-content\/uploads\/2025\/04\/logoMadagascarNatour.png\",\"width\":660,\"height\":192,\"caption\":\"Madagascar Natour\"},\"image\":{\"@id\":\"https:\/\/madagascar-natour.com\/pt-pt\/#\/schema\/logo\/image\/\"}}]}<\/script>\n<!-- \/ Yoast SEO plugin. -->","yoast_head_json":{"title":"A minha conta - Madagascar Natour","robots":{"index":"index","follow":"follow","max-snippet":"max-snippet:-1","max-image-preview":"max-image-preview:large","max-video-preview":"max-video-preview:-1"},"canonical":"https:\/\/madagascar-natour.com\/pt-pt\/a-minha-conta\/","og_locale":"pt_PT","og_type":"article","og_title":"A minha conta - Madagascar Natour","og_url":"https:\/\/madagascar-natour.com\/pt-pt\/a-minha-conta\/","og_site_name":"Madagascar Natour","article_modified_time":"2025-11-07T12:56:38+00:00","twitter_card":"summary_large_image","twitter_misc":{"Tempo estimado de leitura":"1 minuto"},"schema":{"@context":"https:\/\/schema.org","@graph":[{"@type":"WebPage","@id":"https:\/\/madagascar-natour.com\/pt-pt\/a-minha-conta\/","url":"https:\/\/madagascar-natour.com\/pt-pt\/a-minha-conta\/","name":"A minha conta - Madagascar Natour","isPartOf":{"@id":"https:\/\/madagascar-natour.com\/pt-pt\/#website"},"datePublished":"2025-06-03T16:31:17+00:00","dateModified":"2025-11-07T12:56:38+00:00","breadcrumb":{"@id":"https:\/\/madagascar-natour.com\/pt-pt\/a-minha-conta\/#breadcrumb"},"inLanguage":"pt-PT","potentialAction":[{"@type":"ReadAction","target":["https:\/\/madagascar-natour.com\/pt-pt\/a-minha-conta\/"]}]},{"@type":"BreadcrumbList","@id":"https:\/\/madagascar-natour.com\/pt-pt\/a-minha-conta\/#breadcrumb","itemListElement":[{"@type":"ListItem","position":1,"name":"Portada","item":"https:\/\/madagascar-natour.com\/pt-pt\/"},{"@type":"ListItem","position":2,"name":"A minha conta"}]},{"@type":"WebSite","@id":"https:\/\/madagascar-natour.com\/pt-pt\/#website","url":"https:\/\/madagascar-natour.com\/pt-pt\/","name":"Madagascar Natour","description":"","publisher":{"@id":"https:\/\/madagascar-natour.com\/pt-pt\/#organization"},"potentialAction":[{"@type":"SearchAction","target":{"@type":"EntryPoint","urlTemplate":"https:\/\/madagascar-natour.com\/pt-pt\/?s={search_term_string}"},"query-input":{"@type":"PropertyValueSpecification","valueRequired":true,"valueName":"search_term_string"}}],"inLanguage":"pt-PT"},{"@type":"Organization","@id":"https:\/\/madagascar-natour.com\/pt-pt\/#organization","name":"Madagascar Natour","url":"https:\/\/madagascar-natour.com\/pt-pt\/","logo":{"@type":"ImageObject","inLanguage":"pt-PT","@id":"https:\/\/madagascar-natour.com\/pt-pt\/#\/schema\/logo\/image\/","url":"https:\/\/madagascar-natour.com\/wp-content\/uploads\/2025\/04\/logoMadagascarNatour.png","contentUrl":"https:\/\/madagascar-natour.com\/wp-content\/uploads\/2025\/04\/logoMadagascarNatour.png","width":660,"height":192,"caption":"Madagascar Natour"},"image":{"@id":"https:\/\/madagascar-natour.com\/pt-pt\/#\/schema\/logo\/image\/"}}]}},"_links":{"self":[{"href":"https:\/\/madagascar-natour.com\/pt-pt\/wp-json\/wp\/v2\/pages\/2021","targetHints":{"allow":["GET"]}}],"collection":[{"href":"https:\/\/madagascar-natour.com\/pt-pt\/wp-json\/wp\/v2\/pages"}],"about":[{"href":"https:\/\/madagascar-natour.com\/pt-pt\/wp-json\/wp\/v2\/types\/page"}],"author":[{"embeddable":true,"href":"https:\/\/madagascar-natour.com\/pt-pt\/wp-json\/wp\/v2\/users\/2"}],"replies":[{"embeddable":true,"href":"https:\/\/madagascar-natour.com\/pt-pt\/wp-json\/wp\/v2\/comments?post=2021"}],"version-history":[{"count":2,"href":"https:\/\/madagascar-natour.com\/pt-pt\/wp-json\/wp\/v2\/pages\/2021\/revisions"}],"predecessor-version":[{"id":3016,"href":"https:\/\/madagascar-natour.com\/pt-pt\/wp-json\/wp\/v2\/pages\/2021\/revisions\/3016"}],"wp:attachment":[{"href":"https:\/\/madagascar-natour.com\/pt-pt\/wp-json\/wp\/v2\/media?parent=2021"}],"curies":[{"name":"wp","href":"https:\/\/api.w.org\/{rel}","templated":true}]}}